



{"id":3148,"date":"2022-03-11T09:49:18","date_gmt":"2022-03-11T08:49:18","guid":{"rendered":"https:\/\/www.artechitalia.com\/web\/?page_id=3148"},"modified":"2022-08-26T15:57:51","modified_gmt":"2022-08-26T13:57:51","slug":"testimonianze","status":"publish","type":"page","link":"https:\/\/www.artechitalia.com\/web\/testimonianze\/","title":{"rendered":"Testimonianze"},"content":{"rendered":"<h4>Toppy Srl<\/h4>\n<p>Siamo un\u2019azienda di 30 persone che ha quasi raddoppiato il numero dei dipendenti negli ultimi 5\/6 anni.<br \/>\nAbbiamo sempre gestito le presenze con un programmino artigianale sul computer e un foglio Excel, ma ormai visto l\u2019elevato numero di dipendenti la cosa \u00e8 diventata ingestibile.<\/p>\n<p>Perci\u00f2 ci siamo messi alla ricerca di qualcosa di pi\u00f9 adatto alle nostre nuove esigenze e ci siamo imbattuti in Artech.<\/p>\n<p>Gi\u00e0 dopo la prima breve illustrazione avevamo capito di aver trovato ci\u00f2 che faceva al caso nostro. Niente pi\u00f9 compilazione manuale del foglio excel, niente pi\u00f9 discussioni con i dipendenti su dimenticanze e mancate timbrature.<\/p>\n<p>Tutto viene gestito in maniera automatizzata dal programma, con procedure definite e nessuna possibilit\u00e0 di contestazione. In particolare abbiamo trovato utilissimo il modulo di gestione permessi\/ferie. In conclusione possiamo dire solo una cosa\u2026 peccato non aver incontrato Artech prima!<\/p>\n<p>&nbsp;<\/p>\n<h4>Italgear Srl<\/h4>\n<p>Conosciamo Artech dal 2003 , da quando abbiamo deciso di gestire i cartellini degli ingressi e uscite dei dipendenti con il sistema informatico, e quindi migliorare l\u2019affidabilita\u2019 dei conteggi delle buste paga e nello stesso tempo semplificare e velocizzare il passaggio dati su altre piattaforme come ad esempio altri software paghe esterni.<\/p>\n<p>Negli anni abbiamo cambiato i marcatempo con prodotti tecnologicamente sempre evoluti, e anche l\u2019assistenza software si e\u2019 mostrata sempre disponibile a personalizzazioni o semplicemente per trovare soluzioni gia\u2019 previste con il pacchetto standard.<\/p>\n<p>La sensazione e\u2019 sempre stata quella di poter realizzare la scelta migliore difronte alle nostre richieste che si sono evolute notevolmente nel corso degli anni.<\/p>\n<p>Abbiamo anche avuto modo di confrontare il programma con soluzioni di altre software house e abbiamo compreso quanto sia piu\u2019 efficiente e vantaggioso il Software di Artech per esperienza e competenza nella gestione dei cartellini presenze, a nostro parere si posiziona su una classe d\u2019ordine superiore e consiglieremmo la soluzione di Artech anche ad aziende che desiderano mantenere un loro software gestionale e interfacciare solo la parte relativa alle Presenze, perche\u2019 e\u2019 proprio ben fatto.<\/p>\n<p>Anche con l\u2019area tecnica commerciale abbiamo sempre avuto un buon rapporto di collaborazione e non ci sono mai state incomprensioni; e\u2019 molto piacevole avere un sistema in grado di ottimizzare al massimo i tempi di utilizzo dell\u2019utente il quale viene incredibilmente facilitato e assistito in modo eccellente.<\/p>\n<p>&nbsp;<\/p>\n<h4>AMC Italia SpA<\/h4>\n<p>La mia azienda lavora con Artech da pi\u00f9 di 10 anni. Ci siamo avvalsi delle loro competenze per implementare un sistema di rilevazione presenze che consentisse di acquisire le timbrature dei dipendenti in modo automatico e fornire al nostro studio paghe di elaborare i cedolini. In un primo momento utilizzavamo dei badge a banda magnetica ed un software di rete per consentire agli uffici preposti la gestione delle timbrature. L\u2019invio dei dati all\u2019esterno avveniva in modo manuale.<\/p>\n<p>Approfittando di un cambio sede abbiamo cambiato la tecnologia dei badge e dei terminali in rfid e contestualmente implementato un sistema automatico e schedulato di invio dati verso l\u2019esterno.<\/p>\n<p>L\u2019attuale sistema funziona senza inconvenienti e senza alcuna necessit\u00e0 di presidio. La classica infrastruttura che ci si dimentica di possedere. Artech in tutti questi passaggi si \u00e8 rivelato un partner efficiente, proattivo e pronto ad assecondare ogni nostra necessit\u00e0.<\/p>\n<p>Il servizio di assistenza offerto \u00e8 all\u2019altezza delle nostre aspettative e, alle volte, si \u00e8 dimostrato risolutivo per casi critici come il ripristino tempestivo dell\u2019ambiente dopo un attacco CryptoLocker.<\/p>\n<p>Il servizio di produzione \/riproduzione dei badge di cui ci avvaliamo \u00e8 semplice da attivare tempestivo nella realizzazione.<\/p>\n<p>Per quanto sopra affermato, consiglierei senz\u2019altro Artech ad aziende come la nostra che necessitano di servizi di rilevazione presenze efficaci e semplici da implementare.<\/p>\n<p>Nel prossimo futuro introdurremo in azienda sistemi di controllo accessi e aperture automatizzate. Artech sar\u00e0 certamente uno dei partner che valuteremo per aiutarci a trovare una soluzione che soddisfi le nostre esigenze.<\/p>\n<p>&nbsp;<\/p>\n<h4>Fimeco srl<\/h4>\n<p>Lavoriamo con la ditta Artech da settembre 2014<\/p>\n<p>Le problematiche della nostra azienda era la mancanza di controllo del sistema produttivo e un collegamento tra la fase di sviluppo e la pianificazione in produzione ed il monitoraggio costante delle commesse<\/p>\n<p>Il fattore utile e molto positivo trovato nel programma della Artech \u00e8 stato il fatto che con un solo programma siamo stati in grado di gestire e monitorare lo sviluppo , la pianificazione e la gestione delle commesse.<\/p>\n<p>Oltre al fatto del controllo totale di ogni singola commessa sia durante lo svolgimento che a consuntivo.<\/p>\n<p>Gli aspetti che pi\u00f9 sono risultati utili sono stati :<\/p>\n<p>1\u00b0 la facilit\u00e0 nel gestire lo sviluppo degli articoli da produrre ed il collegamento degli ordini a fornitori.<br \/>\n2\u00b0 il controllo costante dei costi delle singole commesse.<br \/>\n3\u00b0 la prospettiva di pianificazione delle varie fasi di lavoro<br \/>\nI benefici che abbiamo ottenuto sono il controllo costante tra ore di produzione ed ore di cartellino (ingressi)<br \/>\nConsiglio vivamente Artech<\/p>\n<p>&nbsp;<\/p>\n<h4>Eridania Italia Spa<\/h4>\n<p>Personalmente ho conosciuto Artech molto tempo fa in una predente esperienza lavorativa nella seconda met\u00e0 degli anni &#8217;90. Si trattava di controllare i varchi di accesso sia esterni che interni di uno stabilimento di una azienda alimentare h24 e 7\/7. Allora la tecnologia era ancora a tessere con lettura magnetica ma la qualit\u00e0 dei lettori installati era veramente notevole e anche quelli installati all&#8217;esterno su cancelli all&#8217;aria aperta non hanno mai dato problemi rilevanti. L&#8217;esperienza fu decisamente positiva.<\/p>\n<p>In ERIDANIA ITALIA la necessit\u00e0 di migliorare la sicurezza negli accessi ai locali della Direzione di Via Triumvirato a Bologna nasce dal fatto che la Societ\u00e0 \u00e8 stata ceduta dal Socio di maggioranza a quello di minoranza, il Gruppo Francese CRISTAL UNION, per cui nello stabile dove ha sede l&#8217;Azienda ci siamo trovati a convivere con altre Aziende non pi\u00f9 della Propriet\u00e0 precedente con necessit\u00e0 quindi di tutelare efficacemente Privacy e Patrimonio della Compagnia in uno stabile condiviso e ora in affitto.<\/p>\n<p>E&#8217; stato quindi fatto un piccolo capitolato di specifiche per installare sistemi di controllo degli accessi in determinati varchi di accesso ai locali aziendali, identificando soluzioni serramentali e di controllo aperture delle porte idonei alle necessit\u00e0. Artech \u00e8 stata contattata, insieme ad altre societ\u00e0, per la parte di identificazione delle persone tramite badge personali con tecnologia RFID da usare con sistemi di lettura che mantenessero la completa compatibilit\u00e0 ed interoperabilit\u00e0 con il sistema di gestione delle presenze\/assenza gi\u00e0 installato in precedenza.<\/p>\n<p>La proposta commerciale e tecnica di Artech \u00e8 stata all&#8217;altezza dei bisogni e sicuramente competitiva come spesa, quindi \u00e8 stata scelta per l&#8217;opera.<\/p>\n<p>Nel corso dei lavori \u00e8 emersa anche la necessit\u00e0 di sostituire il sistema di GESTIONE PRESENZE per adottare una soluzione di PAYROLL nuova pi\u00f9 idonea ai bisogni di Eridania Italia al posto di quella usata dalla precedente Propriet\u00e0.<\/p>\n<p>Anche in questo caso la sostituzione dei vecchi terminali di rilevazione presenze \u00e8 stata commissionata ad Artech che ha quindi affiancato ai terminali di controllo degli accessi anche quelli di marcatempo per il controllo presenze, in questo caso sia per la sede della Direzione che per lo Stabilimento produttivo di Russi (RA).<\/p>\n<p>In totale abbiamo installato TRE terminali per il controllo accessi e altri TRE terminali per rilevare le presenze. Sicuramente uno dei punti di forza del sistema \u00e8 il SOFTWARE di raccolta dati, unico per tutte le tipologie di terminali ed in grado di essere installato come SERVIZIO su server Windows in modo che possa operare in modalit\u00e0 background e trasparente. La raccolta dati avviene in continuo e una ampia disponibilit\u00e0 di tracciati dati di esportazione delle rilevazioni non crea alcun problema nella interfaccia con chi deve elaborare successivamente i dati sia a scopo di sicurezza che per la certificazione della presenza per il Payroll.<\/p>\n<p>L&#8217;assistenza di Artech \u00e8 stata impeccabile sotto diversi punti di vista:<\/p>\n<p>&#8211; nel cercare gli strumenti di compatibilit\u00e0 dei lettori con i sistemi precedentemente installati<\/p>\n<p>&#8211; nel rapportarsi coi serramentisti e gli installatori elettrici perch\u00e8 tutto l&#8217;impianto funzionasse correttamente e senza intoppi<\/p>\n<p>&#8211; nella relazione coi tecnici incaricati della gestione delle reti e dei sistemi server per l&#8217;installazione delle componenti software e della loro messa a punto<\/p>\n<p>Inoltre, dal nostro punto di vista, Artech \u00e8 una realt\u00e0 del territorio, che ha capacit\u00e0 di intervento veloce a fronte di problemi e con soluzioni hardware proprietarie e ben conosciute che funzionano bene e vengono messe a punto velocemente. Sicuramente per me una seconda esperienza decisamente positiva.<\/p>\n<p>&nbsp;<\/p>\n<h4>P.E.I. srl<\/h4>\n<p>La scrivente Azienda P.E.I. S.r.l. (www.pei.it) \u00e8 leader specializzata da trent\u2019anni nel settore della progettazione e realizzazione di protezioni industriali per macchine utensili, e impiega oltre 300 addetti nella sede principale di Calderara di Reno (BO) ed in altri siti produttivi ubicati in Italia e all\u2019estero.<\/p>\n<p>Utilizziamo con successo i sistemi hardware e software di Artech ininterrottamente da oltre 15 anni, per il controllo dell\u2019avanzamento produzione in tempo reale, l\u2019analisi delle fasi di produzione e delle commesse, la rilevazione delle presenze\/assenze del personale, sia in Italia che all\u2019estero.<\/p>\n<p>Tramite i sistemi Artech determiniamo in tempo reale l\u2019efficienza di macchine, reparti, cicli produttivi e risorse umane, tracciando tutti i prodotti, e tenendo sotto costante controllo i costi industriali.<\/p>\n<p>I sistemi Artech rappresentano per noi preziosi strumenti finalizzati ad offrire garanzie di massima qualit\u00e0 e prezzi competitivi alla nostra clientela, sui mercati domestici ed internazionali.<\/p>\n<p>&nbsp;<\/p>\n<h4>Coop Alleanza 3.0 &#8211; Area SW Amministrazione e Personale &#8211; Sistemi Informativi<\/h4>\n<p>QUESTIONARO GRADIMENTO PER ARTECH DA COOP ALLEANZA \u2013EX COOPAD<br \/>\nDa quanto tempo Coop lavora con Artech e per quali sistemi hw\/sw (presenze, accessi, centri di costo, fornitori, ecc.)<br \/>\nIl nostro rapporto di collaborazione con Artech \u00e8 in essere da moltissimi anni (almeno 15 anni da quando seguo io le procedure delle presenze del personale).<br \/>\nRiguarda sia i sistemi hw(marcatempo) sia i sistemi sw : procedura present con i relativi controlli accesso.<\/p>\n<p>Quali erano le problematiche che avevi prima di utilizzare \/ estendere i nostri sistemi nei vari PV (Iper, Super, Sedi, ecc.)<br \/>\nMi risulta che Coop , dal momento in cui decise di automatizzare il flusso delle presenze, abbia avuto come fornitore unicamente quello attuale, ossia Artech.<br \/>\nPertanto le problematiche in essere prima di stringere l\u2019attuale rapporto di collaborazione , erano legate ovviamente al carica manuale delle presenze che costringeva gli uffici paghe ad un notevole carico di lavoro e ad un aumento degli errori ; di conseguenza, ad una minore produttivit\u00e0 aziendale.<\/p>\n<p>Quali sono le cose che hai trovato pi\u00f9 utili nei sistemi Artech?<br \/>\nSicuramente la procedura attuale che abbiamo, Present, \u00e8 una procedura molto valida e facile da utilizzare dal punto di vista utente.<br \/>\nLa procedura permette di visualizzare\/modificare in maniera \u201cistantanea\u201d le timbrature dei dipendenti dislocati in ciascun negozio della nostra cooperativa (il nostro sistema \u00e8 installato per centro di costo) e, di conseguenza, di effettuare dei report di controllo anche sugli accessi .<br \/>\nPresenta inoltre diversi moduli che possono essere agganciati ai vari profili utente definiti.<\/p>\n<p>Benefici principali che Coop ha conseguito grazie ai sistemi Artech.<br \/>\nIl beneficio che ne abbiamo tratto \u00e8 sicuramente elevato dal punto di vista del rapporto con il fornitore: sempre tempestivo e collaborativo grazie al team che ci supporta a fronte sia di malfunzionamenti che di richieste estemporanee per esigenze nostre particolari.<\/p>\n<p>Consiglieresti ad altri Artech ?<br \/>\nSicuramente s\u00ec.<\/p>\n","protected":false},"excerpt":{"rendered":"<p>Toppy Srl Siamo un\u2019azienda di 30 persone che ha quasi raddoppiato il numero dei dipendenti negli ultimi 5\/6 anni. Abbiamo sempre gestito le presenze con un programmino artigianale sul computer e un foglio Excel, ma ormai visto l\u2019elevato numero di dipendenti la cosa \u00e8 diventata ingestibile. Perci\u00f2 ci siamo messi alla ricerca [&hellip;]<\/p>\n","protected":false},"author":1,"featured_media":0,"parent":0,"menu_order":0,"comment_status":"closed","ping_status":"closed","template":"","meta":[],"yoast_head":"<!-- This site is optimized with the Yoast SEO plugin v18.6 - https:\/\/yoast.com\/wordpress\/plugins\/seo\/ -->\n<title>TESTIMONIANZE su RILEVAZIONE PRESENZE - ArTech srl<\/title>\n<meta name=\"description\" content=\"In questa pagina trovate alcune testimonianze relative ai sistemi di rilevazione presenze e altri sistemi da noi installati.\" \/>\n<meta name=\"robots\" content=\"index, follow, max-snippet:-1, max-image-preview:large, max-video-preview:-1\" \/>\n<link rel=\"canonical\" href=\"https:\/\/www.artechitalia.com\/web\/testimonianze\/\" \/>\n<meta property=\"og:locale\" content=\"it_IT\" \/>\n<meta property=\"og:type\" content=\"article\" \/>\n<meta property=\"og:title\" content=\"TESTIMONIANZE su RILEVAZIONE PRESENZE - ArTech srl\" \/>\n<meta property=\"og:description\" content=\"In questa pagina trovate alcune testimonianze relative ai sistemi di rilevazione presenze e altri sistemi da noi installati.\" \/>\n<meta property=\"og:url\" content=\"https:\/\/www.artechitalia.com\/web\/testimonianze\/\" \/>\n<meta property=\"og:site_name\" content=\"Artech Srl\" \/>\n<meta property=\"article:modified_time\" content=\"2022-08-26T13:57:51+00:00\" \/>\n<meta name=\"twitter:card\" content=\"summary\" \/>\n<script type=\"application\/ld+json\" class=\"yoast-schema-graph\">{\"@context\":\"https:\/\/schema.org\",\"@graph\":[{\"@type\":\"WebSite\",\"@id\":\"https:\/\/www.artechitalia.com\/web\/#website\",\"url\":\"https:\/\/www.artechitalia.com\/web\/\",\"name\":\"Artech Srl\",\"description\":\"Sistemi di Identificazione Automatica\",\"potentialAction\":[{\"@type\":\"SearchAction\",\"target\":{\"@type\":\"EntryPoint\",\"urlTemplate\":\"https:\/\/www.artechitalia.com\/web\/?s={search_term_string}\"},\"query-input\":\"required name=search_term_string\"}],\"inLanguage\":\"it-IT\"},{\"@type\":\"WebPage\",\"@id\":\"https:\/\/www.artechitalia.com\/web\/testimonianze\/#webpage\",\"url\":\"https:\/\/www.artechitalia.com\/web\/testimonianze\/\",\"name\":\"TESTIMONIANZE su RILEVAZIONE PRESENZE - ArTech srl\",\"isPartOf\":{\"@id\":\"https:\/\/www.artechitalia.com\/web\/#website\"},\"datePublished\":\"2022-03-11T08:49:18+00:00\",\"dateModified\":\"2022-08-26T13:57:51+00:00\",\"description\":\"In questa pagina trovate alcune testimonianze relative ai sistemi di rilevazione presenze e altri sistemi da noi installati.\",\"breadcrumb\":{\"@id\":\"https:\/\/www.artechitalia.com\/web\/testimonianze\/#breadcrumb\"},\"inLanguage\":\"it-IT\",\"potentialAction\":[{\"@type\":\"ReadAction\",\"target\":[\"https:\/\/www.artechitalia.com\/web\/testimonianze\/\"]}]},{\"@type\":\"BreadcrumbList\",\"@id\":\"https:\/\/www.artechitalia.com\/web\/testimonianze\/#breadcrumb\",\"itemListElement\":[{\"@type\":\"ListItem\",\"position\":1,\"name\":\"Home\",\"item\":\"https:\/\/www.artechitalia.com\/web\/\"},{\"@type\":\"ListItem\",\"position\":2,\"name\":\"Testimonianze\"}]}]}<\/script>\n<!-- \/ Yoast SEO plugin. -->","yoast_head_json":{"title":"TESTIMONIANZE su RILEVAZIONE PRESENZE - ArTech srl","description":"In questa pagina trovate alcune testimonianze relative ai sistemi di rilevazione presenze e altri sistemi da noi installati.","robots":{"index":"index","follow":"follow","max-snippet":"max-snippet:-1","max-image-preview":"max-image-preview:large","max-video-preview":"max-video-preview:-1"},"canonical":"https:\/\/www.artechitalia.com\/web\/testimonianze\/","og_locale":"it_IT","og_type":"article","og_title":"TESTIMONIANZE su RILEVAZIONE PRESENZE - ArTech srl","og_description":"In questa pagina trovate alcune testimonianze relative ai sistemi di rilevazione presenze e altri sistemi da noi installati.","og_url":"https:\/\/www.artechitalia.com\/web\/testimonianze\/","og_site_name":"Artech Srl","article_modified_time":"2022-08-26T13:57:51+00:00","twitter_card":"summary","schema":{"@context":"https:\/\/schema.org","@graph":[{"@type":"WebSite","@id":"https:\/\/www.artechitalia.com\/web\/#website","url":"https:\/\/www.artechitalia.com\/web\/","name":"Artech Srl","description":"Sistemi di Identificazione Automatica","potentialAction":[{"@type":"SearchAction","target":{"@type":"EntryPoint","urlTemplate":"https:\/\/www.artechitalia.com\/web\/?s={search_term_string}"},"query-input":"required name=search_term_string"}],"inLanguage":"it-IT"},{"@type":"WebPage","@id":"https:\/\/www.artechitalia.com\/web\/testimonianze\/#webpage","url":"https:\/\/www.artechitalia.com\/web\/testimonianze\/","name":"TESTIMONIANZE su RILEVAZIONE PRESENZE - ArTech srl","isPartOf":{"@id":"https:\/\/www.artechitalia.com\/web\/#website"},"datePublished":"2022-03-11T08:49:18+00:00","dateModified":"2022-08-26T13:57:51+00:00","description":"In questa pagina trovate alcune testimonianze relative ai sistemi di rilevazione presenze e altri sistemi da noi installati.","breadcrumb":{"@id":"https:\/\/www.artechitalia.com\/web\/testimonianze\/#breadcrumb"},"inLanguage":"it-IT","potentialAction":[{"@type":"ReadAction","target":["https:\/\/www.artechitalia.com\/web\/testimonianze\/"]}]},{"@type":"BreadcrumbList","@id":"https:\/\/www.artechitalia.com\/web\/testimonianze\/#breadcrumb","itemListElement":[{"@type":"ListItem","position":1,"name":"Home","item":"https:\/\/www.artechitalia.com\/web\/"},{"@type":"ListItem","position":2,"name":"Testimonianze"}]}]}},"_links":{"self":[{"href":"https:\/\/www.artechitalia.com\/web\/wp-json\/wp\/v2\/pages\/3148"}],"collection":[{"href":"https:\/\/www.artechitalia.com\/web\/wp-json\/wp\/v2\/pages"}],"about":[{"href":"https:\/\/www.artechitalia.com\/web\/wp-json\/wp\/v2\/types\/page"}],"author":[{"embeddable":true,"href":"https:\/\/www.artechitalia.com\/web\/wp-json\/wp\/v2\/users\/1"}],"replies":[{"embeddable":true,"href":"https:\/\/www.artechitalia.com\/web\/wp-json\/wp\/v2\/comments?post=3148"}],"version-history":[{"count":6,"href":"https:\/\/www.artechitalia.com\/web\/wp-json\/wp\/v2\/pages\/3148\/revisions"}],"predecessor-version":[{"id":3212,"href":"https:\/\/www.artechitalia.com\/web\/wp-json\/wp\/v2\/pages\/3148\/revisions\/3212"}],"wp:attachment":[{"href":"https:\/\/www.artechitalia.com\/web\/wp-json\/wp\/v2\/media?parent=3148"}],"curies":[{"name":"wp","href":"https:\/\/api.w.org\/{rel}","templated":true}]}}